{"id":236,"date":"2017-01-01T10:00:34","date_gmt":"2017-01-01T09:00:34","guid":{"rendered":"http:\/\/www.intus-sport.de\/?page_id=236"},"modified":"2026-02-05T15:19:25","modified_gmt":"2026-02-05T15:19:25","slug":"intus-netzwerk","status":"publish","type":"page","link":"http:\/\/intus-kiel.de\/?page_id=236","title":{"rendered":"InTuS Netzwerk"},"content":{"rendered":"\n<p>Das InTuS-Kooperationsnetzwerk hat das Ziel, die Akteure des organisierten Sports zu vernetzen, eine gr\u00f6\u00dfere Vielfalt in den Sportgruppen der Region Kiel zu erm\u00f6glichen und generations\u00fcbergreifend das Thema Inklusion nachhaltig in die Vereine zu tragen und in deren Strukturen und Alltag zu verankern.<\/p>\n\n\n\n<p>Auf den nachfolgenden Seiten finden Sie Informationen \u00fcber die Kooperationspartner, deren Leitbilder, ihren Akteuren und Sportangeboten.<\/p>\n","protected":false},"excerpt":{"rendered":"<p>Das InTuS-Kooperationsnetzwerk hat das Ziel, die Akteure des organisierten Sports zu vernetzen, eine gr\u00f6\u00dfere Vielfalt in den Sportgruppen der Region Kiel zu erm\u00f6glichen und generations\u00fcbergreifend das Thema Inklusion nachhaltig in die Vereine zu tragen und in deren Strukturen und Alltag zu verankern. Auf den nachfolgenden Seiten finden Sie Informationen \u00fcber die Kooperationspartner, deren Leitbilder, ihren [&hellip;]<\/p>\n","protected":false},"author":4,"featured_media":0,"parent":0,"menu_order":2,"comment_status":"closed","ping_status":"closed","template":"","meta":{"footnotes":""},"class_list":["post-236","page","type-page","status-publish","hentry"],"_links":{"self":[{"href":"http:\/\/intus-kiel.de\/index.php?rest_route=\/wp\/v2\/pages\/236","targetHints":{"allow":["GET"]}}],"collection":[{"href":"http:\/\/intus-kiel.de\/index.php?rest_route=\/wp\/v2\/pages"}],"about":[{"href":"http:\/\/intus-kiel.de\/index.php?rest_route=\/wp\/v2\/types\/page"}],"author":[{"embeddable":true,"href":"http:\/\/intus-kiel.de\/index.php?rest_route=\/wp\/v2\/users\/4"}],"replies":[{"embeddable":true,"href":"http:\/\/intus-kiel.de\/index.php?rest_route=%2Fwp%2Fv2%2Fcomments&post=236"}],"version-history":[{"count":1,"href":"http:\/\/intus-kiel.de\/index.php?rest_route=\/wp\/v2\/pages\/236\/revisions"}],"predecessor-version":[{"id":1082,"href":"http:\/\/intus-kiel.de\/index.php?rest_route=\/wp\/v2\/pages\/236\/revisions\/1082"}],"wp:attachment":[{"href":"http:\/\/intus-kiel.de\/index.php?rest_route=%2Fwp%2Fv2%2Fmedia&parent=236"}],"curies":[{"name":"wp","href":"https:\/\/api.w.org\/{rel}","templated":true}]}}