{"id":24,"date":"2017-03-03T10:00:00","date_gmt":"2017-03-03T10:00:00","guid":{"rendered":"http:\/\/intus-kiel.de\/httpdocs\/?page_id=24"},"modified":"2026-02-05T13:44:59","modified_gmt":"2026-02-05T13:44:59","slug":"willkommen","status":"publish","type":"page","link":"http:\/\/intus-kiel.de\/","title":{"rendered":"Willkommen"},"content":{"rendered":"\n<p>Willkommen bei InTuS, dem Kieler Netzwerk f\u00fcr Sport und Inklusion, welches am 1. M\u00e4rz 2017 durch 14 Kieler Sportvereine und Organisationen f\u00fcr Menschen mit Beeintr\u00e4chtigung gegr\u00fcndet wurde. Wir verstehen uns als tr\u00e4gerneutrales Kommunikationsnetzwerk, in dem wir \u00fcbergeordnete gemeinsame Fragestellungen aufgreifen und diskutieren.<\/p>\n\n\n\n<figure class=\"wp-block-image size-large\"><img loading=\"lazy\" decoding=\"async\" width=\"1024\" height=\"658\" src=\"http:\/\/intus-kiel.de\/wp-content\/uploads\/2026\/02\/InTuS_Kiel_Workshop-20170616-1024x658.jpg\" alt=\"\" class=\"wp-image-1058\" srcset=\"http:\/\/intus-kiel.de\/wp-content\/uploads\/2026\/02\/InTuS_Kiel_Workshop-20170616-1024x658.jpg 1024w, http:\/\/intus-kiel.de\/wp-content\/uploads\/2026\/02\/InTuS_Kiel_Workshop-20170616-300x193.jpg 300w, http:\/\/intus-kiel.de\/wp-content\/uploads\/2026\/02\/InTuS_Kiel_Workshop-20170616-768x493.jpg 768w, http:\/\/intus-kiel.de\/wp-content\/uploads\/2026\/02\/InTuS_Kiel_Workshop-20170616-1536x987.jpg 1536w, http:\/\/intus-kiel.de\/wp-content\/uploads\/2026\/02\/InTuS_Kiel_Workshop-20170616-2048x1315.jpg 2048w\" sizes=\"auto, (max-width: 1024px) 100vw, 1024px\" \/><figcaption class=\"wp-element-caption\">InTuS Netzwerk-Workshop in Kiel 16.06.2017<\/figcaption><\/figure>\n\n\n\n<p>InTuS richtet sich an Menschen mit und ohne Behinderung. Sportinteressierte mit und ohne Beeintr\u00e4chtigung sollen zur aktiven Teilnahme und Mitgestaltung ermutigt werden. Im Sport spielt Behinderung oder Nichtbehinderung keine oder nur noch eine untergeordnete Rolle. Es z\u00e4hlt jeweils nur die eigene Leistung, die durch Training verbessert werden kann. Wir w\u00fcnschen uns hier eine \u00c4nderung der Wahrnehmungsmuster in Richtung Respekt, Beachtung und Toleranz.<\/p>\n\n\n\n<p>Wir agieren daher bewu\u00dft im Hintergrund, wollen Anreize und strategische Unterst\u00fctzung f\u00fcr die Umsetzung der Fragestellungen geben, Finanzierungsfragen diskret behandeln und Sponsoren aktivieren. Wir unterst\u00fctzen sowohl die regionale als auch internationale Vernetzung, sei es durch gemeinsame Veranstaltungen oder die Entsendung von Sportlern und\/oder Volunteers zu Sport-Events. Erg\u00e4nzend f\u00f6rdern wir den Austausch und Kontakte  zur Sportpolitik &#8211; in Kiel ebenso wie beispielsweise in Malm\u00f6 oder Venedig. Wir laden herzlich zum Mitmachen ein.<\/p>\n","protected":false},"excerpt":{"rendered":"<p>Willkommen bei InTuS, dem Kieler Netzwerk f\u00fcr Sport und Inklusion, welches am 1. M\u00e4rz 2017 durch 14 Kieler Sportvereine und Organisationen f\u00fcr Menschen mit Beeintr\u00e4chtigung gegr\u00fcndet wurde. Wir verstehen uns als tr\u00e4gerneutrales Kommunikationsnetzwerk, in dem wir \u00fcbergeordnete gemeinsame Fragestellungen aufgreifen und diskutieren. InTuS richtet sich an Menschen mit und ohne Behinderung. Sportinteressierte mit und ohne [&hellip;]<\/p>\n","protected":false},"author":5,"featured_media":0,"parent":0,"menu_order":0,"comment_status":"closed","ping_status":"closed","template":"","meta":{"footnotes":""},"class_list":["post-24","page","type-page","status-publish","hentry"],"_links":{"self":[{"href":"http:\/\/intus-kiel.de\/index.php?rest_route=\/wp\/v2\/pages\/24","targetHints":{"allow":["GET"]}}],"collection":[{"href":"http:\/\/intus-kiel.de\/index.php?rest_route=\/wp\/v2\/pages"}],"about":[{"href":"http:\/\/intus-kiel.de\/index.php?rest_route=\/wp\/v2\/types\/page"}],"author":[{"embeddable":true,"href":"http:\/\/intus-kiel.de\/index.php?rest_route=\/wp\/v2\/users\/5"}],"replies":[{"embeddable":true,"href":"http:\/\/intus-kiel.de\/index.php?rest_route=%2Fwp%2Fv2%2Fcomments&post=24"}],"version-history":[{"count":2,"href":"http:\/\/intus-kiel.de\/index.php?rest_route=\/wp\/v2\/pages\/24\/revisions"}],"predecessor-version":[{"id":1065,"href":"http:\/\/intus-kiel.de\/index.php?rest_route=\/wp\/v2\/pages\/24\/revisions\/1065"}],"wp:attachment":[{"href":"http:\/\/intus-kiel.de\/index.php?rest_route=%2Fwp%2Fv2%2Fmedia&parent=24"}],"curies":[{"name":"wp","href":"https:\/\/api.w.org\/{rel}","templated":true}]}}