{"id":240,"date":"2017-03-01T10:00:45","date_gmt":"2017-03-01T09:00:45","guid":{"rendered":"http:\/\/www.intus-sport.de\/?page_id=240"},"modified":"2017-03-01T10:00:45","modified_gmt":"2017-03-01T09:00:45","slug":"ansprechpartner","status":"publish","type":"page","link":"http:\/\/intus-kiel.de\/?page_id=240","title":{"rendered":"Ansprechpartner"},"content":{"rendered":"\n<h3 class=\"wp-block-heading\">Weitere hilfreiche Ansprechpartnerinnen und Ansprechpartner:<\/h3>\n\n\n\n<p>Weiterf\u00fchrende Informationen rund um das Thema Sport und Behinderung k\u00f6nnen Sie unter anderem auch bei den Ansprechpartnerinnen und Ansprechpartnern der folgenden Vereine und Institutionen erhalten:<\/p>\n\n\n\n<ul class=\"wp-block-list\"><li><strong>Landeshauptstadt Kiel, Amt f\u00fcr Familie und Soziales, Leitstelle f\u00fcr Menschen mit Behinderung<\/strong><\/li><\/ul>\n\n\n\n<p>Stephan-Heinzel-Stra\u00dfe 2, 24116 Kiel; Tel.: 0431\/901-32 25<\/p>\n\n\n\n<ul class=\"wp-block-list\"><li><strong>Landeshauptstadt Kiel, Amt f\u00fcr Sportf\u00f6rderung<\/strong><\/li><\/ul>\n\n\n\n<p>Fleeth\u00f6rn 18-24, 24103 Kiel; Tel.: 0431\/901-11 51<\/p>\n\n\n\n<ul class=\"wp-block-list\"><li><strong>Sportverband Kiel<\/strong><\/li><\/ul>\n\n\n\n<p>Winterbeker Weg 49, 24114 Kiel; Tel.: 0431\/64 86-173<\/p>\n\n\n\n<ul class=\"wp-block-list\"><li><strong>Landessportverband Schleswig-Holstein e.V.<\/strong><\/li><\/ul>\n\n\n\n<p>Winterbeker Weg 49, 24114 Kiel; Tel.: 0431\/64 86-0<\/p>\n\n\n\n<ul class=\"wp-block-list\"><li><strong>Rehabilitations- und Behinderten-Sportverband Schleswig-Holstein e.V.<\/strong><\/li><\/ul>\n\n\n\n<p>Schubystra\u00dfe 89c, 24837 Schleswig; Tel.: 04621\/2 76 89<\/p>\n\n\n\n<ul class=\"wp-block-list\"><li><strong>Sportzentrum der CAU Kiel<\/strong><\/li><\/ul>\n\n\n\n<p>Olshausenstra\u00dfe 71, 24118 Kiel; Tel.: 0431\/880-37 55<\/p>\n\n\n\n<ul class=\"wp-block-list\"><li><strong>B\u00fcrgerbeauftragte f\u00fcr soziale Angelegenheiten des Landes Schleswig-Holstein<\/strong><\/li><\/ul>\n\n\n\n<p>Karolinenweg 1, 24105 Kiel; Tel.: 0431\/988-12 40<\/p>\n\n\n\n<ul class=\"wp-block-list\"><li><strong>Landesbeauftragter f\u00fcr Menschen mit Behinderung<\/strong><\/li><\/ul>\n\n\n\n<p>Karolinenweg 1, 24105 Kiel; Tel.: 0431\/988-16 20<\/p>\n\n\n\n<ul class=\"wp-block-list\"><li><strong>Lebenshilfe f\u00fcr Menschen mit geistiger Behinderung Landesverband Schleswig-Holstein e.V.<\/strong><\/li><\/ul>\n\n\n\n<p>Kastanienstra\u00dfe 27, 24114 Kiel; Tel.: 0431\/66 11 8-0<\/p>\n\n\n\n<ul class=\"wp-block-list\"><li><strong>Landesverband f\u00fcr k\u00f6rper- und mehrfachbehinderte Menschen Schleswig-Holstein e.V.<\/strong><\/li><\/ul>\n\n\n\n<p>Boninstra\u00dfe 3-7, 24114 Kiel; Tel.: 0431\/90 88 99 10<\/p>\n\n\n\n<ul class=\"wp-block-list\"><li><strong>Stiftung Drachensee<\/strong><\/li><\/ul>\n\n\n\n<p>Hamburger Chaussee 221, 24113 Kiel; Tel.: 0431\/64 84-0<\/p>\n\n\n\n<ul class=\"wp-block-list\"><li><strong>Werk- und Betreuungsst\u00e4tte f\u00fcr K\u00f6rperbehinderte GmbH<\/strong><\/li><\/ul>\n\n\n\n<p>Ottendorfer Weg 22, 24107 Ottendorf; Tel.: 0431\/58 39 90<\/p>\n","protected":false},"excerpt":{"rendered":"<p>Weitere hilfreiche Ansprechpartnerinnen und Ansprechpartner: Weiterf\u00fchrende Informationen rund um das Thema Sport und Behinderung k\u00f6nnen Sie unter anderem auch bei den Ansprechpartnerinnen und Ansprechpartnern der folgenden Vereine und Institutionen erhalten: Landeshauptstadt Kiel, Amt f\u00fcr Familie und Soziales, Leitstelle f\u00fcr Menschen mit Behinderung Stephan-Heinzel-Stra\u00dfe 2, 24116 Kiel; Tel.: 0431\/901-32 25 Landeshauptstadt Kiel, Amt f\u00fcr Sportf\u00f6rderung Fleeth\u00f6rn [&hellip;]<\/p>\n","protected":false},"author":4,"featured_media":0,"parent":63,"menu_order":1,"comment_status":"closed","ping_status":"closed","template":"page-templates\/threecolumn.php","meta":{"footnotes":""},"class_list":["post-240","page","type-page","status-publish","hentry"],"_links":{"self":[{"href":"http:\/\/intus-kiel.de\/index.php?rest_route=\/wp\/v2\/pages\/240","targetHints":{"allow":["GET"]}}],"collection":[{"href":"http:\/\/intus-kiel.de\/index.php?rest_route=\/wp\/v2\/pages"}],"about":[{"href":"http:\/\/intus-kiel.de\/index.php?rest_route=\/wp\/v2\/types\/page"}],"author":[{"embeddable":true,"href":"http:\/\/intus-kiel.de\/index.php?rest_route=\/wp\/v2\/users\/4"}],"replies":[{"embeddable":true,"href":"http:\/\/intus-kiel.de\/index.php?rest_route=%2Fwp%2Fv2%2Fcomments&post=240"}],"version-history":[{"count":0,"href":"http:\/\/intus-kiel.de\/index.php?rest_route=\/wp\/v2\/pages\/240\/revisions"}],"up":[{"embeddable":true,"href":"http:\/\/intus-kiel.de\/index.php?rest_route=\/wp\/v2\/pages\/63"}],"wp:attachment":[{"href":"http:\/\/intus-kiel.de\/index.php?rest_route=%2Fwp%2Fv2%2Fmedia&parent=240"}],"curies":[{"name":"wp","href":"https:\/\/api.w.org\/{rel}","templated":true}]}}